{"id":223,"date":"2025-07-17T07:43:56","date_gmt":"2025-07-17T07:43:56","guid":{"rendered":"https:\/\/esiinsiemeprotogo.org\/?page_id=223"},"modified":"2025-07-17T07:43:56","modified_gmt":"2025-07-17T07:43:56","slug":"i-nostri-progetti","status":"publish","type":"page","link":"https:\/\/esiinsiemeprotogo.org\/?page_id=223","title":{"rendered":"I Nostri Progetti"},"content":{"rendered":"\n<p><em><u><strong>Il primo obbiettivo<\/strong><\/u><\/em><em><strong> dell\u2019associazione \u00e8 quello di poter costruire un orfanotrofio su un terreno in loco che \u00e8 stato donato e che potr\u00e0 accogliere circa 5 bambini orfani, ci\u00f2 sar\u00e0 un buon inizio, ma rester\u00e0 una goccia nel mare.<\/strong><\/em><\/p>\n\n\n\n<p><em><strong>L\u2019idea \u00e8 quella di coinvolgere nella costruzione dell\u2019orfanotrofio piccole imprese locali per fornire a loro lavoro e di lasciare annesso una parte del terreno da coltivare a sostentamento di chi lo abita.<\/strong><\/em><\/p>\n\n\n\n<p><em><u><strong>Il secondo obbiettivo<\/strong><\/u><\/em><em><strong> \u00e8 invece rivolto al desiderio di scavare pozzi per la raccolta dell\u2019acqua, uno dei principali problemi per la maggior parte della popolazione, che vive grazie all\u2019agricoltura.<\/strong><\/em><\/p>\n\n\n\n<p><em><strong>A causa della povert\u00e0 della terra e della mancanza di acqua in alcune regioni del Paese, i contadini che lavorano i campi, da aprile fino a settembre, hanno raccolti e cibo che sono appena sufficienti per tre o quattro mesi.<\/strong><\/em><\/p>\n\n\n\n<p><em><u><strong>Il terzo obbiettivo<\/strong><\/u><\/em><em><strong> \u00e8 legato alla salute che costituisce grande impedimento allo sviluppo del Paese. Infatti la malaria, l\u2019AIDS (SIDA) e altre malattie tropicali tolgono la vita a molti bambini e giovani che non hanno mezzi per curarsi, perch\u00e9 in alcune citt\u00e0 e in alcuni villaggi non ci sono ospedali e medicine. Il governo, inoltre, non eroga assicurazioni sociali o pensioni per aiutare i pi\u00f9 poveri a pagare le medicine.<\/strong><\/em><\/p>\n\n\n\n<p><em><u><strong>Il quarto obbiettivo<\/strong><\/u><\/em><em><strong> riguarda l\u2019istruzione la maggioranza della popolazione \u00e8 analfabeta, perch\u00e9 circa 1\/3 di essa va a scuola, ma molti si fermano alle elementari o alle medie, o a causa della mancanza di scuole, o a causa della mancanza di mezzi per studiare. Il Paese ha una sola universit\u00e0 situata nella Capitale&nbsp;Lom\u00e9, dove il numero troppo elevato di studenti non permette che tutti fruiscano di borse di studio; ci\u00f2 impedisce che gli studenti possano arrivare alla laurea.<\/strong><\/em><\/p>\n","protected":false},"excerpt":{"rendered":"<p>Il primo obbiettivo dell\u2019associazione \u00e8 quello di poter costruire un orfanotrofio su un terreno in loco che \u00e8 stato donato e che potr\u00e0 accogliere circa 5 bambini orfani, ci\u00f2 sar\u00e0 un buon inizio, ma rester\u00e0 una goccia nel mare. L\u2019idea \u00e8 quella di coinvolgere nella costruzione dell\u2019orfanotrofio piccole imprese locali per fornire a loro lavoro [&hellip;]<\/p>\n","protected":false},"author":2,"featured_media":0,"parent":0,"menu_order":0,"comment_status":"closed","ping_status":"closed","template":"","meta":{"footnotes":""},"class_list":["post-223","page","type-page","status-publish","hentry"],"yoast_head":"<!-- This site is optimized with the Yoast SEO plugin v27.6 - https:\/\/yoast.com\/product\/yoast-seo-wordpress\/ -->\n<title>I Nostri Progetti - ESI insieme proTogo<\/title>\n<meta name=\"robots\" content=\"index, follow, max-snippet:-1, max-image-preview:large, max-video-preview:-1\" \/>\n<link rel=\"canonical\" href=\"https:\/\/esiinsiemeprotogo.org\/?page_id=223\" \/>\n<meta property=\"og:locale\" content=\"it_IT\" \/>\n<meta property=\"og:type\" content=\"article\" \/>\n<meta property=\"og:title\" content=\"I Nostri Progetti - ESI insieme proTogo\" \/>\n<meta property=\"og:description\" content=\"Il primo obbiettivo dell\u2019associazione \u00e8 quello di poter costruire un orfanotrofio su un terreno in loco che \u00e8 stato donato e che potr\u00e0 accogliere circa 5 bambini orfani, ci\u00f2 sar\u00e0 un buon inizio, ma rester\u00e0 una goccia nel mare. L\u2019idea \u00e8 quella di coinvolgere nella costruzione dell\u2019orfanotrofio piccole imprese locali per fornire a loro lavoro [&hellip;]\" \/>\n<meta property=\"og:url\" content=\"https:\/\/esiinsiemeprotogo.org\/?page_id=223\" \/>\n<meta property=\"og:site_name\" content=\"ESI insieme proTogo\" \/>\n<meta name=\"twitter:card\" content=\"summary_large_image\" \/>\n<meta name=\"twitter:label1\" content=\"Tempo di lettura stimato\" \/>\n\t<meta name=\"twitter:data1\" content=\"1 minuto\" \/>\n<script type=\"application\/ld+json\" class=\"yoast-schema-graph\">{\"@context\":\"https:\\\/\\\/schema.org\",\"@graph\":[{\"@type\":\"WebPage\",\"@id\":\"https:\\\/\\\/esiinsiemeprotogo.org\\\/?page_id=223\",\"url\":\"https:\\\/\\\/esiinsiemeprotogo.org\\\/?page_id=223\",\"name\":\"I Nostri Progetti - ESI insieme proTogo\",\"isPartOf\":{\"@id\":\"https:\\\/\\\/esiinsiemeprotogo.org\\\/#website\"},\"datePublished\":\"2025-07-17T07:43:56+00:00\",\"breadcrumb\":{\"@id\":\"https:\\\/\\\/esiinsiemeprotogo.org\\\/?page_id=223#breadcrumb\"},\"inLanguage\":\"it-IT\",\"potentialAction\":[{\"@type\":\"ReadAction\",\"target\":[\"https:\\\/\\\/esiinsiemeprotogo.org\\\/?page_id=223\"]}]},{\"@type\":\"BreadcrumbList\",\"@id\":\"https:\\\/\\\/esiinsiemeprotogo.org\\\/?page_id=223#breadcrumb\",\"itemListElement\":[{\"@type\":\"ListItem\",\"position\":1,\"name\":\"Home\",\"item\":\"https:\\\/\\\/esiinsiemeprotogo.org\\\/\"},{\"@type\":\"ListItem\",\"position\":2,\"name\":\"I Nostri Progetti\"}]},{\"@type\":\"WebSite\",\"@id\":\"https:\\\/\\\/esiinsiemeprotogo.org\\\/#website\",\"url\":\"https:\\\/\\\/esiinsiemeprotogo.org\\\/\",\"name\":\"ESI insieme proTogo\",\"description\":\"\",\"publisher\":{\"@id\":\"https:\\\/\\\/esiinsiemeprotogo.org\\\/#organization\"},\"potentialAction\":[{\"@type\":\"SearchAction\",\"target\":{\"@type\":\"EntryPoint\",\"urlTemplate\":\"https:\\\/\\\/esiinsiemeprotogo.org\\\/?s={search_term_string}\"},\"query-input\":{\"@type\":\"PropertyValueSpecification\",\"valueRequired\":true,\"valueName\":\"search_term_string\"}}],\"inLanguage\":\"it-IT\"},{\"@type\":\"Organization\",\"@id\":\"https:\\\/\\\/esiinsiemeprotogo.org\\\/#organization\",\"name\":\"ESI insieme proTogo\",\"url\":\"https:\\\/\\\/esiinsiemeprotogo.org\\\/\",\"logo\":{\"@type\":\"ImageObject\",\"inLanguage\":\"it-IT\",\"@id\":\"https:\\\/\\\/esiinsiemeprotogo.org\\\/#\\\/schema\\\/logo\\\/image\\\/\",\"url\":\"https:\\\/\\\/esiinsiemeprotogo.org\\\/wp-content\\\/uploads\\\/2025\\\/05\\\/esi-new-logo2-trasp-1.png\",\"contentUrl\":\"https:\\\/\\\/esiinsiemeprotogo.org\\\/wp-content\\\/uploads\\\/2025\\\/05\\\/esi-new-logo2-trasp-1.png\",\"width\":894,\"height\":892,\"caption\":\"ESI insieme proTogo\"},\"image\":{\"@id\":\"https:\\\/\\\/esiinsiemeprotogo.org\\\/#\\\/schema\\\/logo\\\/image\\\/\"}}]}<\/script>\n<!-- \/ Yoast SEO plugin. -->","yoast_head_json":{"title":"I Nostri Progetti - ESI insieme proTogo","robots":{"index":"index","follow":"follow","max-snippet":"max-snippet:-1","max-image-preview":"max-image-preview:large","max-video-preview":"max-video-preview:-1"},"canonical":"https:\/\/esiinsiemeprotogo.org\/?page_id=223","og_locale":"it_IT","og_type":"article","og_title":"I Nostri Progetti - ESI insieme proTogo","og_description":"Il primo obbiettivo dell\u2019associazione \u00e8 quello di poter costruire un orfanotrofio su un terreno in loco che \u00e8 stato donato e che potr\u00e0 accogliere circa 5 bambini orfani, ci\u00f2 sar\u00e0 un buon inizio, ma rester\u00e0 una goccia nel mare. L\u2019idea \u00e8 quella di coinvolgere nella costruzione dell\u2019orfanotrofio piccole imprese locali per fornire a loro lavoro [&hellip;]","og_url":"https:\/\/esiinsiemeprotogo.org\/?page_id=223","og_site_name":"ESI insieme proTogo","twitter_card":"summary_large_image","twitter_misc":{"Tempo di lettura stimato":"1 minuto"},"schema":{"@context":"https:\/\/schema.org","@graph":[{"@type":"WebPage","@id":"https:\/\/esiinsiemeprotogo.org\/?page_id=223","url":"https:\/\/esiinsiemeprotogo.org\/?page_id=223","name":"I Nostri Progetti - ESI insieme proTogo","isPartOf":{"@id":"https:\/\/esiinsiemeprotogo.org\/#website"},"datePublished":"2025-07-17T07:43:56+00:00","breadcrumb":{"@id":"https:\/\/esiinsiemeprotogo.org\/?page_id=223#breadcrumb"},"inLanguage":"it-IT","potentialAction":[{"@type":"ReadAction","target":["https:\/\/esiinsiemeprotogo.org\/?page_id=223"]}]},{"@type":"BreadcrumbList","@id":"https:\/\/esiinsiemeprotogo.org\/?page_id=223#breadcrumb","itemListElement":[{"@type":"ListItem","position":1,"name":"Home","item":"https:\/\/esiinsiemeprotogo.org\/"},{"@type":"ListItem","position":2,"name":"I Nostri Progetti"}]},{"@type":"WebSite","@id":"https:\/\/esiinsiemeprotogo.org\/#website","url":"https:\/\/esiinsiemeprotogo.org\/","name":"ESI insieme proTogo","description":"","publisher":{"@id":"https:\/\/esiinsiemeprotogo.org\/#organization"},"potentialAction":[{"@type":"SearchAction","target":{"@type":"EntryPoint","urlTemplate":"https:\/\/esiinsiemeprotogo.org\/?s={search_term_string}"},"query-input":{"@type":"PropertyValueSpecification","valueRequired":true,"valueName":"search_term_string"}}],"inLanguage":"it-IT"},{"@type":"Organization","@id":"https:\/\/esiinsiemeprotogo.org\/#organization","name":"ESI insieme proTogo","url":"https:\/\/esiinsiemeprotogo.org\/","logo":{"@type":"ImageObject","inLanguage":"it-IT","@id":"https:\/\/esiinsiemeprotogo.org\/#\/schema\/logo\/image\/","url":"https:\/\/esiinsiemeprotogo.org\/wp-content\/uploads\/2025\/05\/esi-new-logo2-trasp-1.png","contentUrl":"https:\/\/esiinsiemeprotogo.org\/wp-content\/uploads\/2025\/05\/esi-new-logo2-trasp-1.png","width":894,"height":892,"caption":"ESI insieme proTogo"},"image":{"@id":"https:\/\/esiinsiemeprotogo.org\/#\/schema\/logo\/image\/"}}]}},"jetpack_sharing_enabled":true,"_links":{"self":[{"href":"https:\/\/esiinsiemeprotogo.org\/index.php?rest_route=\/wp\/v2\/pages\/223","targetHints":{"allow":["GET"]}}],"collection":[{"href":"https:\/\/esiinsiemeprotogo.org\/index.php?rest_route=\/wp\/v2\/pages"}],"about":[{"href":"https:\/\/esiinsiemeprotogo.org\/index.php?rest_route=\/wp\/v2\/types\/page"}],"author":[{"embeddable":true,"href":"https:\/\/esiinsiemeprotogo.org\/index.php?rest_route=\/wp\/v2\/users\/2"}],"replies":[{"embeddable":true,"href":"https:\/\/esiinsiemeprotogo.org\/index.php?rest_route=%2Fwp%2Fv2%2Fcomments&post=223"}],"version-history":[{"count":1,"href":"https:\/\/esiinsiemeprotogo.org\/index.php?rest_route=\/wp\/v2\/pages\/223\/revisions"}],"predecessor-version":[{"id":224,"href":"https:\/\/esiinsiemeprotogo.org\/index.php?rest_route=\/wp\/v2\/pages\/223\/revisions\/224"}],"wp:attachment":[{"href":"https:\/\/esiinsiemeprotogo.org\/index.php?rest_route=%2Fwp%2Fv2%2Fmedia&parent=223"}],"curies":[{"name":"wp","href":"https:\/\/api.w.org\/{rel}","templated":true}]}}